{"id":959,"date":"2024-09-26T09:10:46","date_gmt":"2024-09-26T07:10:46","guid":{"rendered":"https:\/\/optyk.infosun.eu\/index.php\/oferta\/naprawy-i-serwis-copy\/"},"modified":"2024-09-26T09:14:21","modified_gmt":"2024-09-26T07:14:21","slug":"karty-podarunkowe","status":"publish","type":"page","link":"https:\/\/www.optykazabrze.pl\/index.php\/oferta\/karty-podarunkowe\/","title":{"rendered":"Karty podarunkowe"},"content":{"rendered":"\t\t<div data-elementor-type=\"wp-page\" data-elementor-id=\"959\" class=\"elementor elementor-959\">\n\t\t\t\t\t\t<section class=\"elementor-section elementor-top-section elementor-element elementor-element-4292aa5 elementor-section-content-middle elementor-section-boxed elementor-section-height-default elementor-section-height-default\" data-id=\"4292aa5\" data-element_type=\"section\">\n\t\t\t\t\t\t<div class=\"elementor-container elementor-column-gap-no\">\n\t\t\t\t\t<div class=\"aux-parallax-section elementor-column elementor-col-50 elementor-top-column elementor-element elementor-element-fb90e39\" data-id=\"fb90e39\" data-element_type=\"column\">\n\t\t\t<div class=\"elementor-widget-wrap elementor-element-populated\">\n\t\t\t\t\t\t<div class=\"elementor-element elementor-element-dfdbe33 aux-appear-watch-animation aux-scale-up elementor-widget elementor-widget-aux_image\" data-id=\"dfdbe33\" data-element_type=\"widget\" data-widget_type=\"aux_image.default\">\n\t\t\t\t<div class=\"elementor-widget-container\">\n\t\t\t<section class=\"widget-container aux-widget-image aux-alignnone aux-parent-au29001c48\">\n    <div class=\"aux-media-hint-frame \">\n        <div class=\"aux-media-image \" >\n        \n            \n\n            \n            <img fetchpriority=\"high\" decoding=\"async\" width=\"500\" height=\"500\" src=\"https:\/\/www.optykazabrze.pl\/wp-content\/uploads\/2024\/07\/kartapodarunkowa-500x500.jpg\" class=\"aux-attachment aux-featured-image aux-attachment-id-234\" alt=\"kartapodarunkowa\" srcset=\"https:\/\/www.optykazabrze.pl\/wp-content\/uploads\/2024\/07\/kartapodarunkowa-150x150.jpg 150w,https:\/\/www.optykazabrze.pl\/wp-content\/uploads\/2024\/07\/kartapodarunkowa-300x300.jpg 300w,https:\/\/www.optykazabrze.pl\/wp-content\/uploads\/2024\/07\/kartapodarunkowa-768x768.jpg 768w,https:\/\/www.optykazabrze.pl\/wp-content\/uploads\/2024\/07\/kartapodarunkowa-1024x1024.jpg 1024w,https:\/\/www.optykazabrze.pl\/wp-content\/uploads\/2024\/07\/kartapodarunkowa-500x500.jpg 500w\" data-ratio=\"1\" data-original-w=\"1200\" sizes=\"(max-width:479px) 480px,(max-width:767px) 768px,(max-width:1023px) 1024px,500px\" \/>            \n                <\/div>\n    <\/div>\n\n<\/section><!-- widget-container -->\t\t<\/div>\n\t\t\t\t<\/div>\n\t\t\t\t\t<\/div>\n\t\t<\/div>\n\t\t\t\t<div class=\"aux-parallax-section elementor-column elementor-col-50 elementor-top-column elementor-element elementor-element-3f42b93\" data-id=\"3f42b93\" data-element_type=\"column\">\n\t\t\t<div class=\"elementor-widget-wrap elementor-element-populated\">\n\t\t\t\t\t\t<div class=\"elementor-element elementor-element-f4b0d6d aux-appear-watch-animation aux-fade-in-up elementor-widget elementor-widget-aux_modern_heading\" data-id=\"f4b0d6d\" data-element_type=\"widget\" data-widget_type=\"aux_modern_heading.default\">\n\t\t\t\t<div class=\"elementor-widget-container\">\n\t\t\t<section class=\"aux-widget-modern-heading\">\n            <div class=\"aux-widget-inner\"><h2 class=\"aux-modern-heading-primary\">Karty podarunkowe<\/h2><div class=\"aux-modern-heading-description\"><p>Chcesz sprawi\u0107 przyjemno\u015b\u0107 bliskiej osobie, ale nie masz pomys\u0142u na prezent? Nasza karta podarunkowa b\u0119dzie idealnym rozwi\u0105zaniem na ka\u017cd\u0105 okazj\u0119! Zdrowe, komfortowe widzenie to najlepsza inwestycja.<\/p><p><em><span style=\"text-decoration: underline\">WARTO WIEDZIE\u0106:<\/span><\/em><\/p><p>Karta podarunkowa uprawnia m. in. do zakupu okular\u00f3w korekcyjnych i\/lub przeciws\u0142onecznych<br \/><br \/>Kart\u0119 mo\u017cna zakupi\u0107 na dowoln\u0105 warto\u015b\u0107<br \/><br \/>Kart\u0119 mo\u017cna zrealizowa\u0107 w ka\u017cdym naszym salonie optycznym \u2013 w Zabrzu,<br \/>Knurowie b\u0105d\u017a Szczyg\u0142owicach<br \/><br \/>Karta nie mo\u017ce zosta\u0107 wymieniona na got\u00f3wk\u0119<br \/><br \/>Karta posiada dat\u0119 wa\u017cno\u015bci<\/p><\/div><\/div>\n        <\/section>\t\t<\/div>\n\t\t\t\t<\/div>\n\t\t\t\t\t<\/div>\n\t\t<\/div>\n\t\t\t\t\t<\/div>\n\t\t<\/section>\n\t\t\t\t<\/div>\n\t\t","protected":false},"excerpt":{"rendered":"<p>Karty podarunkowe Chcesz sprawi\u0107 przyjemno\u015b\u0107 bliskiej osobie, ale nie masz pomys\u0142u na prezent? Nasza karta podarunkowa b\u0119dzie idealnym rozwi\u0105zaniem na ka\u017cd\u0105 okazj\u0119! Zdrowe, komfortowe widzenie to najlepsza inwestycja. WARTO WIEDZIE\u0106: Karta podarunkowa uprawnia m. in. do zakupu okular\u00f3w korekcyjnych i\/lub przeciws\u0142onecznych Kart\u0119 mo\u017cna zakupi\u0107 na dowoln\u0105 warto\u015b\u0107 Kart\u0119 mo\u017cna zrealizowa\u0107 w ka\u017cdym naszym salonie optycznym [&hellip;]<\/p>\n","protected":false},"author":1,"featured_media":0,"parent":89,"menu_order":10,"comment_status":"closed","ping_status":"closed","template":"templates\/page-builder-content.php","meta":{"footnotes":""},"class_list":["post-959","page","type-page","status-publish","hentry"],"_links":{"self":[{"href":"https:\/\/www.optykazabrze.pl\/index.php\/wp-json\/wp\/v2\/pages\/959","targetHints":{"allow":["GET"]}}],"collection":[{"href":"https:\/\/www.optykazabrze.pl\/index.php\/wp-json\/wp\/v2\/pages"}],"about":[{"href":"https:\/\/www.optykazabrze.pl\/index.php\/wp-json\/wp\/v2\/types\/page"}],"author":[{"embeddable":true,"href":"https:\/\/www.optykazabrze.pl\/index.php\/wp-json\/wp\/v2\/users\/1"}],"replies":[{"embeddable":true,"href":"https:\/\/www.optykazabrze.pl\/index.php\/wp-json\/wp\/v2\/comments?post=959"}],"version-history":[{"count":4,"href":"https:\/\/www.optykazabrze.pl\/index.php\/wp-json\/wp\/v2\/pages\/959\/revisions"}],"predecessor-version":[{"id":963,"href":"https:\/\/www.optykazabrze.pl\/index.php\/wp-json\/wp\/v2\/pages\/959\/revisions\/963"}],"up":[{"embeddable":true,"href":"https:\/\/www.optykazabrze.pl\/index.php\/wp-json\/wp\/v2\/pages\/89"}],"wp:attachment":[{"href":"https:\/\/www.optykazabrze.pl\/index.php\/wp-json\/wp\/v2\/media?parent=959"}],"curies":[{"name":"wp","href":"https:\/\/api.w.org\/{rel}","templated":true}]}}