{"id":89,"date":"2020-03-14T19:39:09","date_gmt":"2020-03-14T18:39:09","guid":{"rendered":"https:\/\/optyk.infosun.eu\/index.php\/services\/"},"modified":"2024-11-05T10:45:58","modified_gmt":"2024-11-05T09:45:58","slug":"oferta","status":"publish","type":"page","link":"https:\/\/www.optykazabrze.pl\/index.php\/oferta\/","title":{"rendered":"Oferta"},"content":{"rendered":"\t\t<div data-elementor-type=\"wp-page\" data-elementor-id=\"89\" class=\"elementor elementor-89\">\n\t\t\t\t\t\t<section class=\"elementor-section elementor-top-section elementor-element elementor-element-1d7ab5b elementor-section-boxed elementor-section-height-default elementor-section-height-default\" data-id=\"1d7ab5b\" data-element_type=\"section\">\n\t\t\t\t\t\t<div class=\"elementor-container elementor-column-gap-no\">\n\t\t\t\t\t<div class=\"aux-parallax-section elementor-column elementor-col-100 elementor-top-column elementor-element elementor-element-5f9a157\" data-id=\"5f9a157\" data-element_type=\"column\">\n\t\t\t<div class=\"elementor-widget-wrap elementor-element-populated\">\n\t\t\t\t\t\t<div class=\"elementor-element elementor-element-170504a aux-appear-watch-animation aux-fade-in-up elementor-widget elementor-widget-heading\" data-id=\"170504a\" data-element_type=\"widget\" data-widget_type=\"heading.default\">\n\t\t\t\t<div class=\"elementor-widget-container\">\n\t\t\t<h2 class=\"elementor-heading-title elementor-size-default\">Nasza oferta<\/h2>\t\t<\/div>\n\t\t\t\t<\/div>\n\t\t\t\t\t<\/div>\n\t\t<\/div>\n\t\t\t\t\t<\/div>\n\t\t<\/section>\n\t\t\t\t<section class=\"elementor-section elementor-top-section elementor-element elementor-element-45ac80d elementor-section-boxed elementor-section-height-default elementor-section-height-default\" data-id=\"45ac80d\" data-element_type=\"section\">\n\t\t\t\t\t\t<div class=\"elementor-container elementor-column-gap-default\">\n\t\t\t\t\t<div class=\"aux-parallax-section elementor-column elementor-col-33 elementor-top-column elementor-element elementor-element-4d58da6\" data-id=\"4d58da6\" data-element_type=\"column\">\n\t\t\t<div class=\"elementor-widget-wrap elementor-element-populated\">\n\t\t\t\t\t\t<div class=\"elementor-element elementor-element-bdc3856 elementor-widget__width-initial elementor-position-top elementor-widget elementor-widget-image-box\" data-id=\"bdc3856\" data-element_type=\"widget\" data-widget_type=\"image-box.default\">\n\t\t\t\t<div class=\"elementor-widget-container\">\n\t\t\t<div class=\"elementor-image-box-wrapper\"><figure class=\"elementor-image-box-img\"><a href=\"https:\/\/www.optykazabrze.pl\/index.php\/oferta\/oprawy-okularowe\/\" tabindex=\"-1\"><img decoding=\"async\" src=\"https:\/\/www.optykazabrze.pl\/wp-content\/uploads\/elementor\/thumbs\/118397046_m_normal_none-qqycloaz05sy6mj0bdve8c7ohe50xcl67hdzeaaypk.jpg\" title=\"118397046_m_normal_none\" alt=\"118397046_m_normal_none\" loading=\"lazy\" \/><\/a><\/figure><div class=\"elementor-image-box-content\"><h3 class=\"elementor-image-box-title\"><a href=\"https:\/\/www.optykazabrze.pl\/index.php\/oferta\/oprawy-okularowe\/\">OPRAWY OKULAROWE<\/a><\/h3><\/div><\/div>\t\t<\/div>\n\t\t\t\t<\/div>\n\t\t\t\t\t<\/div>\n\t\t<\/div>\n\t\t\t\t<div class=\"aux-parallax-section elementor-column elementor-col-33 elementor-top-column elementor-element elementor-element-86e01d2\" data-id=\"86e01d2\" data-element_type=\"column\" data-settings=\"{&quot;background_background&quot;:&quot;classic&quot;}\">\n\t\t\t<div class=\"elementor-widget-wrap elementor-element-populated\">\n\t\t\t\t\t\t<section class=\"elementor-section elementor-inner-section elementor-element elementor-element-3ea5a3d animated-slow elementor-section-boxed elementor-section-height-default elementor-section-height-default\" data-id=\"3ea5a3d\" data-element_type=\"section\" data-settings=\"{&quot;background_background&quot;:&quot;classic&quot;,&quot;animation&quot;:&quot;none&quot;}\">\n\t\t\t\t\t\t<div class=\"elementor-container elementor-column-gap-default\">\n\t\t\t\t\t<div class=\"aux-parallax-section elementor-column elementor-col-100 elementor-inner-column elementor-element elementor-element-bae0b40\" data-id=\"bae0b40\" data-element_type=\"column\">\n\t\t\t<div class=\"elementor-widget-wrap elementor-element-populated\">\n\t\t\t\t\t\t<div class=\"elementor-element elementor-element-bf84ee7 elementor-widget elementor-widget-text-editor\" data-id=\"bf84ee7\" data-element_type=\"widget\" data-widget_type=\"text-editor.default\">\n\t\t\t\t<div class=\"elementor-widget-container\">\n\t\t\t\t\t\t\t<p><strong>Oprawy okularowe dla doros\u0142ych<\/strong><\/p><p><strong>Oprawy okularowe dla dzieci<\/strong><\/p><p><strong>Oprawy okularowe dla m\u0142odzie\u017cy<\/strong><\/p><p><strong>Oprawy okularowe dla sportowc\u00f3w<\/strong><\/p>\t\t\t\t\t\t<\/div>\n\t\t\t\t<\/div>\n\t\t\t\t\t<\/div>\n\t\t<\/div>\n\t\t\t\t\t<\/div>\n\t\t<\/section>\n\t\t\t\t\t<\/div>\n\t\t<\/div>\n\t\t\t\t<div class=\"aux-parallax-section elementor-column elementor-col-33 elementor-top-column elementor-element elementor-element-baac2c9\" data-id=\"baac2c9\" data-element_type=\"column\">\n\t\t\t<div class=\"elementor-widget-wrap\">\n\t\t\t\t\t\t\t<\/div>\n\t\t<\/div>\n\t\t\t\t\t<\/div>\n\t\t<\/section>\n\t\t\t\t<section class=\"elementor-section elementor-top-section elementor-element elementor-element-09520c9 elementor-section-boxed elementor-section-height-default elementor-section-height-default\" data-id=\"09520c9\" data-element_type=\"section\">\n\t\t\t\t\t\t<div class=\"elementor-container elementor-column-gap-default\">\n\t\t\t\t\t<div class=\"aux-parallax-section elementor-column elementor-col-33 elementor-top-column elementor-element elementor-element-5fe23f4\" data-id=\"5fe23f4\" data-element_type=\"column\">\n\t\t\t<div class=\"elementor-widget-wrap elementor-element-populated\">\n\t\t\t\t\t\t<div class=\"elementor-element elementor-element-a4ec71e elementor-widget__width-initial elementor-position-top elementor-widget elementor-widget-image-box\" data-id=\"a4ec71e\" data-element_type=\"widget\" data-widget_type=\"image-box.default\">\n\t\t\t\t<div class=\"elementor-widget-container\">\n\t\t\t<div class=\"elementor-image-box-wrapper\"><figure class=\"elementor-image-box-img\"><a href=\"https:\/\/www.optykazabrze.pl\/index.php\/oferta\/szkla-korekcyjne\/\" tabindex=\"-1\"><img decoding=\"async\" src=\"https:\/\/www.optykazabrze.pl\/wp-content\/uploads\/elementor\/thumbs\/okularczarnobialy-qqycl1qug4y2fzfrz44ckhwm8587sm3m4dqbvn8euw.jpg\" title=\"okularczarnobialy\" alt=\"okularczarnobialy\" loading=\"lazy\" \/><\/a><\/figure><div class=\"elementor-image-box-content\"><h3 class=\"elementor-image-box-title\"><a href=\"https:\/\/www.optykazabrze.pl\/index.php\/oferta\/szkla-korekcyjne\/\">SZK\u0141A KOREKCYJNE<\/a><\/h3><\/div><\/div>\t\t<\/div>\n\t\t\t\t<\/div>\n\t\t\t\t\t<\/div>\n\t\t<\/div>\n\t\t\t\t<div class=\"aux-parallax-section elementor-column elementor-col-33 elementor-top-column elementor-element elementor-element-756a631\" data-id=\"756a631\" data-element_type=\"column\">\n\t\t\t<div class=\"elementor-widget-wrap elementor-element-populated\">\n\t\t\t\t\t\t<section class=\"elementor-section elementor-inner-section elementor-element elementor-element-9cea496 animated-slow elementor-section-boxed elementor-section-height-default elementor-section-height-default\" data-id=\"9cea496\" data-element_type=\"section\" data-settings=\"{&quot;background_background&quot;:&quot;classic&quot;,&quot;animation&quot;:&quot;none&quot;}\">\n\t\t\t\t\t\t<div class=\"elementor-container elementor-column-gap-default\">\n\t\t\t\t\t<div class=\"aux-parallax-section elementor-column elementor-col-100 elementor-inner-column elementor-element elementor-element-df2c63b\" data-id=\"df2c63b\" data-element_type=\"column\">\n\t\t\t<div class=\"elementor-widget-wrap elementor-element-populated\">\n\t\t\t\t\t\t<div class=\"elementor-element elementor-element-5f3f10f elementor-widget elementor-widget-text-editor\" data-id=\"5f3f10f\" data-element_type=\"widget\" data-widget_type=\"text-editor.default\">\n\t\t\t\t<div class=\"elementor-widget-container\">\n\t\t\t\t\t\t\t<p><strong>Szk\u0142a korekcyjne progresywne<\/strong><\/p><p><strong>Szk\u0142a korekcyjne dwuogniskowe<\/strong><\/p><p><strong>Szk\u0142a korekcyjne do pracy przy komputerze<\/strong><\/p><p><strong>Szk\u0142a korekcyjne biurowe<\/strong><\/p>\t\t\t\t\t\t<\/div>\n\t\t\t\t<\/div>\n\t\t\t\t\t<\/div>\n\t\t<\/div>\n\t\t\t\t\t<\/div>\n\t\t<\/section>\n\t\t\t\t\t<\/div>\n\t\t<\/div>\n\t\t\t\t<div class=\"aux-parallax-section elementor-column elementor-col-33 elementor-top-column elementor-element elementor-element-70cce4e\" data-id=\"70cce4e\" data-element_type=\"column\">\n\t\t\t<div class=\"elementor-widget-wrap elementor-element-populated\">\n\t\t\t\t\t\t<section class=\"elementor-section elementor-inner-section elementor-element elementor-element-6cbb3fb animated-slow elementor-section-boxed elementor-section-height-default elementor-section-height-default\" data-id=\"6cbb3fb\" data-element_type=\"section\" data-settings=\"{&quot;background_background&quot;:&quot;classic&quot;,&quot;animation&quot;:&quot;none&quot;}\">\n\t\t\t\t\t\t<div class=\"elementor-container elementor-column-gap-default\">\n\t\t\t\t\t<div class=\"aux-parallax-section elementor-column elementor-col-100 elementor-inner-column elementor-element elementor-element-7c460ec\" data-id=\"7c460ec\" data-element_type=\"column\">\n\t\t\t<div class=\"elementor-widget-wrap elementor-element-populated\">\n\t\t\t\t\t\t<div class=\"elementor-element elementor-element-2e3fb27 elementor-widget elementor-widget-text-editor\" data-id=\"2e3fb27\" data-element_type=\"widget\" data-widget_type=\"text-editor.default\">\n\t\t\t\t<div class=\"elementor-widget-container\">\n\t\t\t\t\t\t\t<p><strong>Szk\u0142a korekcyjne relaksacyjne<\/strong><\/p><p><strong>Szk\u0142a korekcyjne fotochromowe<\/strong><\/p><p><strong>Szk\u0142a korekcyjne dla kierowc\u00f3w<\/strong><\/p><p><strong>Szk\u0142a korekcyjne pocienione<\/strong><\/p><p><strong>Szk\u0142a korekcyjne przeciws\u0142oneczne<\/strong><\/p>\t\t\t\t\t\t<\/div>\n\t\t\t\t<\/div>\n\t\t\t\t\t<\/div>\n\t\t<\/div>\n\t\t\t\t\t<\/div>\n\t\t<\/section>\n\t\t\t\t\t<\/div>\n\t\t<\/div>\n\t\t\t\t\t<\/div>\n\t\t<\/section>\n\t\t\t\t<section class=\"elementor-section elementor-top-section elementor-element elementor-element-5b3ae56 elementor-section-boxed elementor-section-height-default elementor-section-height-default\" data-id=\"5b3ae56\" data-element_type=\"section\">\n\t\t\t\t\t\t<div class=\"elementor-container elementor-column-gap-default\">\n\t\t\t\t\t<div class=\"aux-parallax-section elementor-column elementor-col-33 elementor-top-column elementor-element elementor-element-20623f0\" data-id=\"20623f0\" data-element_type=\"column\">\n\t\t\t<div class=\"elementor-widget-wrap elementor-element-populated\">\n\t\t\t\t\t\t<div class=\"elementor-element elementor-element-7492881 elementor-position-top elementor-widget elementor-widget-image-box\" data-id=\"7492881\" data-element_type=\"widget\" data-widget_type=\"image-box.default\">\n\t\t\t\t<div class=\"elementor-widget-container\">\n\t\t\t<div class=\"elementor-image-box-wrapper\"><figure class=\"elementor-image-box-img\"><a href=\"https:\/\/www.optykazabrze.pl\/index.php\/oferta\/karty-podarunkowe\/\" tabindex=\"-1\"><img decoding=\"async\" src=\"https:\/\/www.optykazabrze.pl\/wp-content\/uploads\/elementor\/thumbs\/kartapodarunkowa-qr1n5im9vs5p078z46lvfd3zbahm73mibc8jaybz20.jpg\" title=\"kartapodarunkowa\" alt=\"kartapodarunkowa\" loading=\"lazy\" \/><\/a><\/figure><div class=\"elementor-image-box-content\"><h3 class=\"elementor-image-box-title\"><a href=\"https:\/\/www.optykazabrze.pl\/index.php\/oferta\/karty-podarunkowe\/\">KARTY PODARUNKOWE<\/a><\/h3><\/div><\/div>\t\t<\/div>\n\t\t\t\t<\/div>\n\t\t\t\t<div class=\"elementor-element elementor-element-11af83a elementor-position-top elementor-widget elementor-widget-image-box\" data-id=\"11af83a\" data-element_type=\"widget\" data-widget_type=\"image-box.default\">\n\t\t\t\t<div class=\"elementor-widget-container\">\n\t\t\t<div class=\"elementor-image-box-wrapper\"><figure class=\"elementor-image-box-img\"><a href=\"https:\/\/www.optykazabrze.pl\/index.php\/oferta\/okulary-przeciwsloneczne\/\" tabindex=\"-1\"><img fetchpriority=\"high\" decoding=\"async\" width=\"1280\" height=\"853\" src=\"https:\/\/www.optykazabrze.pl\/wp-content\/uploads\/2024\/09\/lead-1612256_1280.jpg\" class=\"attachment-full size-full wp-image-581\" alt=\"\" srcset=\"https:\/\/www.optykazabrze.pl\/wp-content\/uploads\/2024\/09\/lead-1612256_1280.jpg 1280w, https:\/\/www.optykazabrze.pl\/wp-content\/uploads\/2024\/09\/lead-1612256_1280-200x133.jpg 200w\" \/><\/a><\/figure><div class=\"elementor-image-box-content\"><h3 class=\"elementor-image-box-title\"><a href=\"https:\/\/www.optykazabrze.pl\/index.php\/oferta\/okulary-przeciwsloneczne\/\">OKULARY PRZECIWS\u0141ONECZNE<\/a><\/h3><\/div><\/div>\t\t<\/div>\n\t\t\t\t<\/div>\n\t\t\t\t\t<\/div>\n\t\t<\/div>\n\t\t\t\t<div class=\"aux-parallax-section elementor-column elementor-col-33 elementor-top-column elementor-element elementor-element-54520e0\" data-id=\"54520e0\" data-element_type=\"column\">\n\t\t\t<div class=\"elementor-widget-wrap elementor-element-populated\">\n\t\t\t\t\t\t<div class=\"elementor-element elementor-element-0ae5728 elementor-position-top elementor-widget elementor-widget-image-box\" data-id=\"0ae5728\" data-element_type=\"widget\" data-widget_type=\"image-box.default\">\n\t\t\t\t<div class=\"elementor-widget-container\">\n\t\t\t<div class=\"elementor-image-box-wrapper\"><figure class=\"elementor-image-box-img\"><a href=\"https:\/\/www.optykazabrze.pl\/index.php\/oferta\/akcesoria\/\" tabindex=\"-1\"><img decoding=\"async\" src=\"https:\/\/www.optykazabrze.pl\/wp-content\/uploads\/elementor\/thumbs\/sunglasses-brown-case-grey-surface-scaled-qw2efbi2g2wkyswsq4wsp7pt0zvta4qpnlvqi00u2g.jpg\" title=\"sunglasses-brown-case-grey-surface\" alt=\"sunglasses-brown-case-grey-surface\" loading=\"lazy\" \/><\/a><\/figure><div class=\"elementor-image-box-content\"><h3 class=\"elementor-image-box-title\"><a href=\"https:\/\/www.optykazabrze.pl\/index.php\/oferta\/akcesoria\/\">AKCESORIA DO OKULAR\u00d3W I SOCZEWEK KONTAKTOWYCH<\/a><\/h3><\/div><\/div>\t\t<\/div>\n\t\t\t\t<\/div>\n\t\t\t\t\t<\/div>\n\t\t<\/div>\n\t\t\t\t<div class=\"aux-parallax-section elementor-column elementor-col-33 elementor-top-column elementor-element elementor-element-c827809\" data-id=\"c827809\" data-element_type=\"column\">\n\t\t\t<div class=\"elementor-widget-wrap elementor-element-populated\">\n\t\t\t\t\t\t<div class=\"elementor-element elementor-element-82a486a elementor-position-top elementor-widget elementor-widget-image-box\" data-id=\"82a486a\" data-element_type=\"widget\" data-widget_type=\"image-box.default\">\n\t\t\t\t<div class=\"elementor-widget-container\">\n\t\t\t<div class=\"elementor-image-box-wrapper\"><figure class=\"elementor-image-box-img\"><a href=\"\/index.php\/portfolio\/soczewki-kontaktowe\/\" tabindex=\"-1\"><img decoding=\"async\" src=\"https:\/\/www.optykazabrze.pl\/wp-content\/uploads\/elementor\/thumbs\/14539237_m_normal_none-qqygugyhymyxgol03fk5js54s910636dvr3ftjr394.jpg\" title=\"14539237_m_normal_none\" alt=\"14539237_m_normal_none\" loading=\"lazy\" \/><\/a><\/figure><div class=\"elementor-image-box-content\"><h3 class=\"elementor-image-box-title\"><a href=\"\/index.php\/portfolio\/soczewki-kontaktowe\/\">SOCZEWKI KONTAKTOWE<\/a><\/h3><\/div><\/div>\t\t<\/div>\n\t\t\t\t<\/div>\n\t\t\t\t\t<\/div>\n\t\t<\/div>\n\t\t\t\t\t<\/div>\n\t\t<\/section>\n\t\t\t\t<\/div>\n\t\t","protected":false},"excerpt":{"rendered":"<p>Nasza oferta OPRAWY OKULAROWE Oprawy okularowe dla doros\u0142ych Oprawy okularowe dla dzieci Oprawy okularowe dla m\u0142odzie\u017cy Oprawy okularowe dla sportowc\u00f3w SZK\u0141A KOREKCYJNE Szk\u0142a korekcyjne progresywne Szk\u0142a korekcyjne dwuogniskowe Szk\u0142a korekcyjne do pracy przy komputerze Szk\u0142a korekcyjne biurowe Szk\u0142a korekcyjne relaksacyjne Szk\u0142a korekcyjne fotochromowe Szk\u0142a korekcyjne dla kierowc\u00f3w Szk\u0142a korekcyjne pocienione Szk\u0142a korekcyjne przeciws\u0142oneczne KARTY PODARUNKOWE [&hellip;]<\/p>\n","protected":false},"author":1,"featured_media":0,"parent":0,"menu_order":0,"comment_status":"closed","ping_status":"closed","template":"templates\/page-builder-content.php","meta":{"footnotes":""},"class_list":["post-89","page","type-page","status-publish","hentry"],"_links":{"self":[{"href":"https:\/\/www.optykazabrze.pl\/index.php\/wp-json\/wp\/v2\/pages\/89","targetHints":{"allow":["GET"]}}],"collection":[{"href":"https:\/\/www.optykazabrze.pl\/index.php\/wp-json\/wp\/v2\/pages"}],"about":[{"href":"https:\/\/www.optykazabrze.pl\/index.php\/wp-json\/wp\/v2\/types\/page"}],"author":[{"embeddable":true,"href":"https:\/\/www.optykazabrze.pl\/index.php\/wp-json\/wp\/v2\/users\/1"}],"replies":[{"embeddable":true,"href":"https:\/\/www.optykazabrze.pl\/index.php\/wp-json\/wp\/v2\/comments?post=89"}],"version-history":[{"count":119,"href":"https:\/\/www.optykazabrze.pl\/index.php\/wp-json\/wp\/v2\/pages\/89\/revisions"}],"predecessor-version":[{"id":1489,"href":"https:\/\/www.optykazabrze.pl\/index.php\/wp-json\/wp\/v2\/pages\/89\/revisions\/1489"}],"wp:attachment":[{"href":"https:\/\/www.optykazabrze.pl\/index.php\/wp-json\/wp\/v2\/media?parent=89"}],"curies":[{"name":"wp","href":"https:\/\/api.w.org\/{rel}","templated":true}]}}