{"id":86,"date":"2020-03-15T01:22:35","date_gmt":"2020-03-15T00:22:35","guid":{"rendered":"https:\/\/optyk.infosun.eu\/index.php\/about\/"},"modified":"2024-10-30T10:28:31","modified_gmt":"2024-10-30T09:28:31","slug":"about","status":"publish","type":"page","link":"https:\/\/www.optykazabrze.pl\/index.php\/about\/","title":{"rendered":"O nas"},"content":{"rendered":"\t\t<div data-elementor-type=\"wp-page\" data-elementor-id=\"86\" class=\"elementor elementor-86\">\n\t\t\t\t\t\t<section class=\"elementor-section elementor-top-section elementor-element elementor-element-1d27292 elementor-section-content-middle elementor-section-boxed elementor-section-height-default elementor-section-height-default\" data-id=\"1d27292\" data-element_type=\"section\">\n\t\t\t\t\t\t<div class=\"elementor-container elementor-column-gap-no\">\n\t\t\t\t\t<div class=\"aux-parallax-section elementor-column elementor-col-50 elementor-top-column elementor-element elementor-element-6a3caf9\" data-id=\"6a3caf9\" data-element_type=\"column\">\n\t\t\t<div class=\"elementor-widget-wrap elementor-element-populated\">\n\t\t\t\t\t\t<div class=\"elementor-element elementor-element-ea84c73 aux-appear-watch-animation aux-fade-in-up elementor-widget elementor-widget-aux_modern_heading\" data-id=\"ea84c73\" data-element_type=\"widget\" data-widget_type=\"aux_modern_heading.default\">\n\t\t\t\t<div class=\"elementor-widget-container\">\n\t\t\t<section class=\"aux-widget-modern-heading\">\n            <div class=\"aux-widget-inner\"><h2 class=\"aux-modern-heading-primary\">O nas<\/h2><div class=\"aux-modern-heading-description\"><p>Nasze pocz\u0105tki si\u0119gaj\u0105 1989 roku, kiedy to Stanis\u0142aw Ku\u015bka - mistrz w zawodzie OPTYKA i cz\u0142onek \u015al\u0105skiego Cechu Optyk\u00f3w, otworzy\u0142 sw\u00f3j pierwszy salon optyczny w Zabrzu przy ul. 3 Maja 2. Od samego pocz\u0105tku istnienia w firmie stawiano na jako\u015b\u0107, innowacyjno\u015b\u0107, nieustanny rozw\u00f3j oraz na zgrany zesp\u00f3\u0142 \u2013 bo to ludzie s\u0105 nasz\u0105 najwi\u0119ksz\u0105 si\u0142\u0105 i warto\u015bci\u0105.<\/p><\/div><\/div>\n        <\/section>\t\t<\/div>\n\t\t\t\t<\/div>\n\t\t\t\t<section class=\"elementor-section elementor-inner-section elementor-element elementor-element-2fd55d3 elementor-section-height-min-height elementor-section-content-middle elementor-section-boxed elementor-section-height-default\" data-id=\"2fd55d3\" data-element_type=\"section\" data-settings=\"{&quot;background_background&quot;:&quot;classic&quot;}\">\n\t\t\t\t\t\t<div class=\"elementor-container elementor-column-gap-no\">\n\t\t\t\t\t<div class=\"aux-parallax-section elementor-column elementor-col-50 elementor-inner-column elementor-element elementor-element-608559d\" data-id=\"608559d\" data-element_type=\"column\" data-settings=\"{&quot;background_background&quot;:&quot;classic&quot;}\">\n\t\t\t<div class=\"elementor-widget-wrap elementor-element-populated\">\n\t\t\t\t\t\t<div class=\"elementor-element elementor-element-5056411 elementor-widget__width-auto elementor-widget-mobile__width-inherit aux-appear-watch-animation aux-fade-in-right elementor-widget elementor-widget-counter\" data-id=\"5056411\" data-element_type=\"widget\" data-widget_type=\"counter.default\">\n\t\t\t\t<div class=\"elementor-widget-container\">\n\t\t\t\t\t<div class=\"elementor-counter\">\n\t\t\t<div class=\"elementor-counter-title\">lat na rynku<\/div>\t\t\t<div class=\"elementor-counter-number-wrapper\">\n\t\t\t\t<span class=\"elementor-counter-number-prefix\"><\/span>\n\t\t\t\t<span class=\"elementor-counter-number\" data-duration=\"2000\" data-to-value=\"35\" data-from-value=\"0\" data-delimiter=\",\">0<\/span>\n\t\t\t\t<span class=\"elementor-counter-number-suffix\"><\/span>\n\t\t\t<\/div>\n\t\t<\/div>\n\t\t\t\t<\/div>\n\t\t\t\t<\/div>\n\t\t\t\t\t<\/div>\n\t\t<\/div>\n\t\t\t\t<div class=\"aux-parallax-section elementor-column elementor-col-50 elementor-inner-column elementor-element elementor-element-7ae0e28\" data-id=\"7ae0e28\" data-element_type=\"column\" data-settings=\"{&quot;background_background&quot;:&quot;classic&quot;}\">\n\t\t\t<div class=\"elementor-widget-wrap elementor-element-populated\">\n\t\t\t\t\t\t<div class=\"elementor-element elementor-element-e4d05b3 elementor-widget__width-auto elementor-widget-mobile__width-inherit aux-appear-watch-animation aux-fade-in-right elementor-widget elementor-widget-counter\" data-id=\"e4d05b3\" data-element_type=\"widget\" data-widget_type=\"counter.default\">\n\t\t\t\t<div class=\"elementor-widget-container\">\n\t\t\t\t\t<div class=\"elementor-counter\">\n\t\t\t<div class=\"elementor-counter-title\">produkt\u00f3w<\/div>\t\t\t<div class=\"elementor-counter-number-wrapper\">\n\t\t\t\t<span class=\"elementor-counter-number-prefix\"><\/span>\n\t\t\t\t<span class=\"elementor-counter-number\" data-duration=\"2000\" data-to-value=\"500\" data-from-value=\"0\" data-delimiter=\",\">0<\/span>\n\t\t\t\t<span class=\"elementor-counter-number-suffix\"><\/span>\n\t\t\t<\/div>\n\t\t<\/div>\n\t\t\t\t<\/div>\n\t\t\t\t<\/div>\n\t\t\t\t\t<\/div>\n\t\t<\/div>\n\t\t\t\t\t<\/div>\n\t\t<\/section>\n\t\t\t\t\t<\/div>\n\t\t<\/div>\n\t\t\t\t<div class=\"aux-parallax-section elementor-column elementor-col-50 elementor-top-column elementor-element elementor-element-dd0926c\" data-id=\"dd0926c\" data-element_type=\"column\">\n\t\t\t<div class=\"elementor-widget-wrap elementor-element-populated\">\n\t\t\t\t\t\t<div class=\"elementor-element elementor-element-567329b aux-appear-watch-animation aux-scale-down elementor-widget elementor-widget-aux_image\" data-id=\"567329b\" data-element_type=\"widget\" data-widget_type=\"aux_image.default\">\n\t\t\t\t<div class=\"elementor-widget-container\">\n\t\t\t<section class=\"widget-container aux-widget-image aux-alignnone aux-parent-auef63a9e3\">\n    <div class=\"aux-media-hint-frame \">\n        <div class=\"aux-media-image \" >\n        \n            \n\n            \n            <img fetchpriority=\"high\" decoding=\"async\" width=\"1200\" height=\"800\" src=\"https:\/\/www.optykazabrze.pl\/wp-content\/uploads\/2024\/07\/DL5A0395a.jpg\" class=\"aux-attachment aux-featured-image aux-attachment-id-230\" alt=\"DL5A0395a\" data-ratio=\"1.5\" data-original-w=\"1200\" \/>            \n                <\/div>\n    <\/div>\n\n<\/section><!-- widget-container -->\t\t<\/div>\n\t\t\t\t<\/div>\n\t\t\t\t\t<\/div>\n\t\t<\/div>\n\t\t\t\t\t<\/div>\n\t\t<\/section>\n\t\t\t\t<section class=\"elementor-section elementor-top-section elementor-element elementor-element-e6b8e1d elementor-section-content-middle elementor-section-boxed elementor-section-height-default elementor-section-height-default\" data-id=\"e6b8e1d\" data-element_type=\"section\">\n\t\t\t\t\t\t<div class=\"elementor-container elementor-column-gap-no\">\n\t\t\t\t\t<div class=\"aux-parallax-section elementor-column elementor-col-100 elementor-top-column elementor-element elementor-element-21f3953\" data-id=\"21f3953\" data-element_type=\"column\">\n\t\t\t<div class=\"elementor-widget-wrap elementor-element-populated\">\n\t\t\t\t\t\t<div class=\"elementor-element elementor-element-18dbf7b aux-appear-watch-animation aux-fade-in-up elementor-widget elementor-widget-aux_modern_heading\" data-id=\"18dbf7b\" data-element_type=\"widget\" data-widget_type=\"aux_modern_heading.default\">\n\t\t\t\t<div class=\"elementor-widget-container\">\n\t\t\t<section class=\"aux-widget-modern-heading\">\n            <div class=\"aux-widget-inner\"><h2 class=\"aux-modern-heading-primary\"> Optyka Okularowa Stanis\u0142aw Ku\u015bka<\/h2><div class=\"aux-modern-heading-description\"><p>W kolejnych latach firma rozszerzy\u0142a swoj\u0105 dzia\u0142alno\u015b\u0107 o salony optyczne w innych miejscowo\u015bciach \u2013 w Knurowie przy ul. Wolno\u015bci 5 oraz w Szczyg\u0142owicach przy ul. St. Staszica 1. Do zespo\u0142u do\u0142\u0105czyli kolejno syn oraz c\u00f3rka Za\u0142o\u017cyciela \u2013 Krzysztof Ku\u015bka, dyplomowany technik optyk oraz Joanna Selinger, dyplomowana optometrystka i ortoptystka.<\/p><p>Obecnie firma Optyka Okularowa Stanis\u0142aw Ku\u015bka wyr\u00f3\u017cnia si\u0119 na tle konkurencji wiedz\u0105, pasj\u0105 do tego, co robimy i bogatym, ponad 35-letnim do\u015bwiadczeniem na rynku optycznym. Zapewniamy obs\u0142ug\u0119 na najwy\u017cszym poziomie\u00a0 - od badania wzroku, po wyb\u00f3r odpowiednich szkie\u0142 i opraw okularowych, staraj\u0105c si\u0119 zaspokoi\u0107 potrzeby i pragnienia nawet najbardziej wymagaj\u0105cych Klient\u00f3w.<\/p><p>\u00a0<\/p><p>B\u0119dzie nam niezmiernie mi\u0142o, je\u015bli odwiedzisz nasz salon optyczny w Zabrzu, Knurowie, b\u0105d\u017a Szczyg\u0142owicach!<\/p><\/div><\/div>\n        <\/section>\t\t<\/div>\n\t\t\t\t<\/div>\n\t\t\t\t\t<\/div>\n\t\t<\/div>\n\t\t\t\t\t<\/div>\n\t\t<\/section>\n\t\t\t\t<section class=\"elementor-section elementor-top-section elementor-element elementor-element-eb2df93 elementor-section-boxed elementor-section-height-default elementor-section-height-default\" data-id=\"eb2df93\" data-element_type=\"section\">\n\t\t\t\t\t\t<div class=\"elementor-container elementor-column-gap-default\">\n\t\t\t\t\t<div class=\"aux-parallax-section elementor-column elementor-col-100 elementor-top-column elementor-element elementor-element-5364e66\" data-id=\"5364e66\" data-element_type=\"column\">\n\t\t\t<div class=\"elementor-widget-wrap elementor-element-populated\">\n\t\t\t\t\t\t<div class=\"elementor-element elementor-element-10c95ed aux-appear-watch-animation aux-fade-in-up elementor-widget elementor-widget-heading\" data-id=\"10c95ed\" data-element_type=\"widget\" data-widget_type=\"heading.default\">\n\t\t\t\t<div class=\"elementor-widget-container\">\n\t\t\t<h2 class=\"elementor-heading-title elementor-size-default\">Firma rodzinna<\/h2>\t\t<\/div>\n\t\t\t\t<\/div>\n\t\t\t\t<div class=\"elementor-element elementor-element-ad95ca9 aux-appear-watch-animation aux-fade-in-up elementor-widget elementor-widget-heading\" data-id=\"ad95ca9\" data-element_type=\"widget\" data-widget_type=\"heading.default\">\n\t\t\t\t<div class=\"elementor-widget-container\">\n\t\t\t<h2 class=\"elementor-heading-title elementor-size-default\">Rodzinna firma z wieloletni\u0105 tradycj\u0105<\/h2>\t\t<\/div>\n\t\t\t\t<\/div>\n\t\t\t\t<div class=\"elementor-element elementor-element-5c591c3 elementor-widget elementor-widget-spacer\" data-id=\"5c591c3\" data-element_type=\"widget\" data-widget_type=\"spacer.default\">\n\t\t\t\t<div class=\"elementor-widget-container\">\n\t\t\t\t\t<div class=\"elementor-spacer\">\n\t\t\t<div class=\"elementor-spacer-inner\"><\/div>\n\t\t<\/div>\n\t\t\t\t<\/div>\n\t\t\t\t<\/div>\n\t\t\t\t<section class=\"elementor-section elementor-inner-section elementor-element elementor-element-4d7665d elementor-section-boxed elementor-section-height-default elementor-section-height-default\" data-id=\"4d7665d\" data-element_type=\"section\">\n\t\t\t\t\t\t<div class=\"elementor-container elementor-column-gap-no\">\n\t\t\t\t\t<div class=\"aux-parallax-section elementor-column elementor-col-33 elementor-inner-column elementor-element elementor-element-440a73a\" data-id=\"440a73a\" data-element_type=\"column\">\n\t\t\t<div class=\"elementor-widget-wrap elementor-element-populated\">\n\t\t\t\t\t\t<div class=\"elementor-element elementor-element-444ec1c elementor-widget__width-auto aux-appear-watch-animation aux-fade-in-right-1 elementor-widget elementor-widget-aux_staff\" data-id=\"444ec1c\" data-element_type=\"widget\" data-widget_type=\"aux_staff.default\">\n\t\t\t\t<div class=\"elementor-widget-container\">\n\t\t\t<section class=\"aux-wrap-style-simple widget-container aux-widget-staff aux-parent-au7cdf9096\">    <div class=\"aux-staff-container aux-staff-pos-top aux-staff-text-center aux-staff-text-dark \" >\n            <div class=\"aux-staff-header aux-staff-img-circle\">\n            <div class=\"aux-media-image\"><img decoding=\"async\" width=\"1200\" height=\"1800\" src=\"https:\/\/www.optykazabrze.pl\/wp-content\/uploads\/2024\/07\/DL5A0406a.jpg\" alt=\"DL5A0406a\" data-ratio=\"0.67\" data-original-w=\"1200\" \/><\/div>        <\/div>\n            <div class=\"aux-staff-content\">\n                        <h4 class=\"col-title\">Stanis\u0142aw Ku\u015bka<\/h4>\n                        <h5 class=\"col-subtitle\">Za\u0142o\u017cyciel<\/h5>\n                        <div class=\"entry-content\">\n                                Za\u0142o\u017cyciel firmy, mistrz optyki okularowej, cz\u0142onek \u015al\u0105skiego Cechu Optyk\u00f3w, zwi\u0105zany z bran\u017c\u0105 optyczn\u0105 od ponad 35 lat. Niezwykle pracowity, konsekwentny i cierpliwy, uparcie d\u0105\u017c\u0105cy do wyznaczonego celu. Zarz\u0105dza, koordynuje oraz planuje prac\u0119 w salonie. Zaanga\u017cowany w rozw\u00f3j firmy.            <\/div>\n                    <\/div>\n\n    <\/div>\n\n\n<\/section><!-- widget-container -->\t\t<\/div>\n\t\t\t\t<\/div>\n\t\t\t\t\t<\/div>\n\t\t<\/div>\n\t\t\t\t<div class=\"aux-parallax-section elementor-column elementor-col-33 elementor-inner-column elementor-element elementor-element-9ec1e59\" data-id=\"9ec1e59\" data-element_type=\"column\">\n\t\t\t<div class=\"elementor-widget-wrap elementor-element-populated\">\n\t\t\t\t\t\t<div class=\"elementor-element elementor-element-3bb64b4 elementor-widget__width-auto aux-appear-watch-animation aux-fade-in-right-1 elementor-widget elementor-widget-aux_staff\" data-id=\"3bb64b4\" data-element_type=\"widget\" data-widget_type=\"aux_staff.default\">\n\t\t\t\t<div class=\"elementor-widget-container\">\n\t\t\t<section class=\"aux-wrap-style-simple widget-container aux-widget-staff aux-parent-au6c270323\">    <div class=\"aux-staff-container aux-staff-pos-top aux-staff-text-center aux-staff-text-dark \" >\n            <div class=\"aux-staff-header aux-staff-img-circle\">\n            <div class=\"aux-media-image\"><img decoding=\"async\" width=\"1200\" height=\"1800\" src=\"https:\/\/www.optykazabrze.pl\/wp-content\/uploads\/2024\/07\/DL5A0427a.jpg\" alt=\"DL5A0427a\" data-ratio=\"0.67\" data-original-w=\"1200\" \/><\/div>        <\/div>\n            <div class=\"aux-staff-content\">\n                        <h4 class=\"col-title\">Joanna Selinger<\/h4>\n                        <h5 class=\"col-subtitle\">C\u00f3rka<\/h5>\n                        <div class=\"entry-content\">\n                                 Dyplomowana optometrystka (NO18304) i ortoptystka (NO1720141). Absolwentka kierunku Optometria na Wydziale Podstawowych Problem\u00f3w Techniki Politechniki Wroc\u0142awskiej oraz kierunku Ortoptysta w Policealnej Szkole Fizjoterapii w Chorzowie. Cz\u0142onkini Polskiego Towarzystwa Optometrii i Optyki oraz Polskiego Towarzystwa Ortoptycznego im. prof. Krystyny Krzystkowej. Specjalizuje si\u0119 w diagnostyce i korekcji wad wzroku oraz zaburze\u0144 widzenia obuocznego. Stale poszerza swoj\u0105 wiedz\u0119 z dziedziny optometrii i ortoptyki uczestnicz\u0105c w licznych kursach i szkoleniach, aby zapewni\u0107 swoim pacjentom jak najlepsze, zdrowe i komfortowe widzenie.             <\/div>\n                    <\/div>\n\n    <\/div>\n\n\n<\/section><!-- widget-container -->\t\t<\/div>\n\t\t\t\t<\/div>\n\t\t\t\t\t<\/div>\n\t\t<\/div>\n\t\t\t\t<div class=\"aux-parallax-section elementor-column elementor-col-33 elementor-inner-column elementor-element elementor-element-95fd382\" data-id=\"95fd382\" data-element_type=\"column\">\n\t\t\t<div class=\"elementor-widget-wrap elementor-element-populated\">\n\t\t\t\t\t\t<div class=\"elementor-element elementor-element-5154a8e elementor-widget__width-auto aux-appear-watch-animation aux-fade-in-right-1 elementor-widget elementor-widget-aux_staff\" data-id=\"5154a8e\" data-element_type=\"widget\" data-widget_type=\"aux_staff.default\">\n\t\t\t\t<div class=\"elementor-widget-container\">\n\t\t\t<section class=\"aux-wrap-style-simple widget-container aux-widget-staff aux-parent-auc8d45825\">    <div class=\"aux-staff-container aux-staff-pos-top aux-staff-text-center aux-staff-text-dark \" >\n            <div class=\"aux-staff-header aux-staff-img-circle\">\n            <div class=\"aux-media-image\"><img loading=\"lazy\" decoding=\"async\" width=\"1200\" height=\"1800\" src=\"https:\/\/www.optykazabrze.pl\/wp-content\/uploads\/2024\/07\/DL5A0411q.jpg\" alt=\"DL5A0411q\" data-ratio=\"0.67\" data-original-w=\"1200\" \/><\/div>        <\/div>\n            <div class=\"aux-staff-content\">\n                        <h4 class=\"col-title\">Krzysztof Ku\u015bka<\/h4>\n                        <h5 class=\"col-subtitle\">Syn<\/h5>\n                        <div class=\"entry-content\">\n                                Dyplomowany technik optyk, swoj\u0105 wiedz\u0119 zdobywa\u0142 w Prywatnej Policealnej Szkole Optycznej w Cz\u0119stochowie. Zajmuje si\u0119 obr\u00f3bk\u0105 szkie\u0142 okularowych, a tak\u017ce napraw\u0105 i konserwacj\u0105 r\u00f3\u017cnego rodzaju okular\u00f3w. Zawsze s\u0142u\u017cy rad\u0105 i pomoc\u0105 w wyborze odpowiednich szkie\u0142 i opraw okularowych.\nNa pierwszym miejscu stawia indywidualne potrzeby klient\u00f3w oraz ich komfort.\n            <\/div>\n                    <\/div>\n\n    <\/div>\n\n\n<\/section><!-- widget-container -->\t\t<\/div>\n\t\t\t\t<\/div>\n\t\t\t\t\t<\/div>\n\t\t<\/div>\n\t\t\t\t\t<\/div>\n\t\t<\/section>\n\t\t\t\t\t<\/div>\n\t\t<\/div>\n\t\t\t\t\t<\/div>\n\t\t<\/section>\n\t\t\t\t<\/div>\n\t\t","protected":false},"excerpt":{"rendered":"<p>O nas Nasze pocz\u0105tki si\u0119gaj\u0105 1989 roku, kiedy to Stanis\u0142aw Ku\u015bka &#8211; mistrz w zawodzie OPTYKA i cz\u0142onek \u015al\u0105skiego Cechu Optyk\u00f3w, otworzy\u0142 sw\u00f3j pierwszy salon optyczny w Zabrzu przy ul. 3 Maja 2. Od samego pocz\u0105tku istnienia w firmie stawiano na jako\u015b\u0107, innowacyjno\u015b\u0107, nieustanny rozw\u00f3j oraz na zgrany zesp\u00f3\u0142 \u2013 bo to ludzie s\u0105 nasz\u0105 [&hellip;]<\/p>\n","protected":false},"author":1,"featured_media":0,"parent":0,"menu_order":0,"comment_status":"closed","ping_status":"closed","template":"templates\/page-builder-content.php","meta":{"footnotes":""},"class_list":["post-86","page","type-page","status-publish","hentry"],"_links":{"self":[{"href":"https:\/\/www.optykazabrze.pl\/index.php\/wp-json\/wp\/v2\/pages\/86","targetHints":{"allow":["GET"]}}],"collection":[{"href":"https:\/\/www.optykazabrze.pl\/index.php\/wp-json\/wp\/v2\/pages"}],"about":[{"href":"https:\/\/www.optykazabrze.pl\/index.php\/wp-json\/wp\/v2\/types\/page"}],"author":[{"embeddable":true,"href":"https:\/\/www.optykazabrze.pl\/index.php\/wp-json\/wp\/v2\/users\/1"}],"replies":[{"embeddable":true,"href":"https:\/\/www.optykazabrze.pl\/index.php\/wp-json\/wp\/v2\/comments?post=86"}],"version-history":[{"count":52,"href":"https:\/\/www.optykazabrze.pl\/index.php\/wp-json\/wp\/v2\/pages\/86\/revisions"}],"predecessor-version":[{"id":1361,"href":"https:\/\/www.optykazabrze.pl\/index.php\/wp-json\/wp\/v2\/pages\/86\/revisions\/1361"}],"wp:attachment":[{"href":"https:\/\/www.optykazabrze.pl\/index.php\/wp-json\/wp\/v2\/media?parent=86"}],"curies":[{"name":"wp","href":"https:\/\/api.w.org\/{rel}","templated":true}]}}