{"id":722,"date":"2024-09-25T08:47:34","date_gmt":"2024-09-25T06:47:34","guid":{"rendered":"https:\/\/optyk.infosun.eu\/index.php\/oferta\/oprawy-okularowe-copy\/"},"modified":"2024-10-30T10:19:35","modified_gmt":"2024-10-30T09:19:35","slug":"soczewki-kontaktowe","status":"publish","type":"page","link":"https:\/\/www.optykazabrze.pl\/index.php\/oferta\/soczewki-kontaktowe\/","title":{"rendered":"Soczewki kontaktowe"},"content":{"rendered":"\t\t<div data-elementor-type=\"wp-page\" data-elementor-id=\"722\" class=\"elementor elementor-722\">\n\t\t\t\t\t\t<section class=\"elementor-section elementor-top-section elementor-element elementor-element-1d27292 elementor-section-content-middle elementor-section-boxed elementor-section-height-default elementor-section-height-default\" data-id=\"1d27292\" data-element_type=\"section\">\n\t\t\t\t\t\t<div class=\"elementor-container elementor-column-gap-no\">\n\t\t\t\t\t<div class=\"aux-parallax-section elementor-column elementor-col-50 elementor-top-column elementor-element elementor-element-6a3caf9\" data-id=\"6a3caf9\" data-element_type=\"column\">\n\t\t\t<div class=\"elementor-widget-wrap elementor-element-populated\">\n\t\t\t\t\t\t<div class=\"elementor-element elementor-element-ea84c73 aux-appear-watch-animation aux-fade-in-up elementor-widget elementor-widget-aux_modern_heading\" data-id=\"ea84c73\" data-element_type=\"widget\" data-widget_type=\"aux_modern_heading.default\">\n\t\t\t\t<div class=\"elementor-widget-container\">\n\t\t\t<section class=\"aux-widget-modern-heading\">\n            <div class=\"aux-widget-inner\"><h2 class=\"aux-modern-heading-primary\">Soczewki kontaktowe<\/h2><div class=\"aux-modern-heading-description\"><p>Oferujemy Pa\u0144stwu markowe soczewki kontaktowe znanych i cenionych producent\u00f3w, takich jak Alcon, Bausch&amp;Lomb oraz Cooper Vision.<\/p><p><em>Firma Alcon to globalny lider w obszarze okulistyki, kt\u00f3ry od ponad 75 lat pomaga ludziom widzie\u0107 doskonale. Jest najwi\u0119kszym na \u015bwiecie producentem wyrob\u00f3w medycznych dla okulistyki, kt\u00f3re tworzone s\u0105 w dw\u00f3ch uzupe\u0142niaj\u0105cych si\u0119 obszarach \u2013 Chirurgii oraz Vision Care.<br \/><\/em><em>Nale\u017cy do czo\u0142owych producent\u00f3w soczewek kontaktowych i system\u00f3w do ich piel\u0119gnacji.<\/em><\/p><p>W naszej ofercie znajd\u0105 Pa\u0144stwo jednodniowe, dwutygodniowe, miesi\u0119czne, a tak\u017ce kolorowe soczewki kontaktowe. Posiadamy tak\u017ce szerok\u0105 gam\u0119 wielofunkcyjnych p\u0142yn\u00f3w piel\u0119gnacyjnych, zabezpieczaj\u0105cych soczewki kontaktowe przed uszkodzeniem.<\/p><\/div><\/div>\n        <\/section>\t\t<\/div>\n\t\t\t\t<\/div>\n\t\t\t\t\t<\/div>\n\t\t<\/div>\n\t\t\t\t<div class=\"aux-parallax-section elementor-column elementor-col-50 elementor-top-column elementor-element elementor-element-dd0926c\" data-id=\"dd0926c\" data-element_type=\"column\">\n\t\t\t<div class=\"elementor-widget-wrap elementor-element-populated\">\n\t\t\t\t\t\t<div class=\"elementor-element elementor-element-739cac8 aux-appear-watch-animation aux-scale-up elementor-invisible elementor-widget elementor-widget-aux_image\" data-id=\"739cac8\" data-element_type=\"widget\" data-settings=\"{&quot;_animation&quot;:&quot;bounceIn&quot;}\" data-widget_type=\"aux_image.default\">\n\t\t\t\t<div class=\"elementor-widget-container\">\n\t\t\t<section class=\"widget-container aux-widget-image aux-alignnone aux-parent-au728f7b4d\">\n    <div class=\"aux-media-hint-frame \">\n        <div class=\"aux-media-image \" >\n        \n            \n\n            \n            <img fetchpriority=\"high\" decoding=\"async\" width=\"500\" height=\"500\" src=\"https:\/\/www.optykazabrze.pl\/wp-content\/uploads\/2020\/03\/98116278_m_normal_none-500x500.jpg\" class=\"aux-attachment aux-featured-image aux-attachment-id-179\" alt=\"98116278_m_normal_none\" srcset=\"https:\/\/www.optykazabrze.pl\/wp-content\/uploads\/2020\/03\/98116278_m_normal_none-150x150.jpg 150w,https:\/\/www.optykazabrze.pl\/wp-content\/uploads\/2020\/03\/98116278_m_normal_none-300x300.jpg 300w,https:\/\/www.optykazabrze.pl\/wp-content\/uploads\/2020\/03\/98116278_m_normal_none-768x768.jpg 768w,https:\/\/www.optykazabrze.pl\/wp-content\/uploads\/2020\/03\/98116278_m_normal_none-1024x1024.jpg 1024w,https:\/\/www.optykazabrze.pl\/wp-content\/uploads\/2020\/03\/98116278_m_normal_none-500x500.jpg 500w\" data-ratio=\"1\" data-original-w=\"2508\" sizes=\"(max-width:479px) 480px,(max-width:767px) 768px,(max-width:1023px) 1024px,500px\" \/>            \n                <\/div>\n    <\/div>\n\n<\/section><!-- widget-container -->\t\t<\/div>\n\t\t\t\t<\/div>\n\t\t\t\t\t<\/div>\n\t\t<\/div>\n\t\t\t\t\t<\/div>\n\t\t<\/section>\n\t\t\t\t<section class=\"elementor-section elementor-top-section elementor-element elementor-element-ff36620 elementor-section-content-middle elementor-section-boxed elementor-section-height-default elementor-section-height-default\" data-id=\"ff36620\" data-element_type=\"section\">\n\t\t\t\t\t\t<div class=\"elementor-container elementor-column-gap-no\">\n\t\t\t\t\t<div class=\"aux-parallax-section elementor-column elementor-col-50 elementor-top-column elementor-element elementor-element-ea2afae\" data-id=\"ea2afae\" data-element_type=\"column\">\n\t\t\t<div class=\"elementor-widget-wrap elementor-element-populated\">\n\t\t\t\t\t\t<div class=\"elementor-element elementor-element-c95ee3b elementor-widget elementor-widget-image-gallery\" data-id=\"c95ee3b\" data-element_type=\"widget\" data-widget_type=\"image-gallery.default\">\n\t\t\t\t<div class=\"elementor-widget-container\">\n\t\t\t\t\t<div class=\"elementor-image-gallery\">\n\t\t\t<div id='gallery-1' class='gallery galleryid-722 gallery-columns-1 gallery-size-large'><figure class='gallery-item'>\n\t\t\t<div class='gallery-icon landscape'>\n\t\t\t\t<a data-elementor-open-lightbox=\"yes\" data-elementor-lightbox-slideshow=\"c95ee3b\" data-elementor-lightbox-title=\"cooper-300x70\" data-e-action-hash=\"#elementor-action%3Aaction%3Dlightbox%26settings%3DeyJpZCI6MzE3LCJ1cmwiOiJodHRwczpcL1wvd3d3Lm9wdHlrYXphYnJ6ZS5wbFwvd3AtY29udGVudFwvdXBsb2Fkc1wvMjAyNFwvMDhcL2Nvb3Blci0zMDB4NzAtMS5wbmciLCJzbGlkZXNob3ciOiJjOTVlZTNiIn0%3D\" href='https:\/\/www.optykazabrze.pl\/wp-content\/uploads\/2024\/08\/cooper-300x70-1.png'><img decoding=\"async\" width=\"300\" height=\"70\" src=\"https:\/\/www.optykazabrze.pl\/wp-content\/uploads\/2024\/08\/cooper-300x70-1.png\" class=\"attachment-large size-large\" alt=\"\" srcset=\"https:\/\/www.optykazabrze.pl\/wp-content\/uploads\/2024\/08\/cooper-300x70-1.png 300w, https:\/\/www.optykazabrze.pl\/wp-content\/uploads\/2024\/08\/cooper-300x70-1-200x47.png 200w\" sizes=\"(max-width: 300px) 100vw, 300px\" \/><\/a>\n\t\t\t<\/div><\/figure><figure class='gallery-item'>\n\t\t\t<div class='gallery-icon landscape'>\n\t\t\t\t<a data-elementor-open-lightbox=\"yes\" data-elementor-lightbox-slideshow=\"c95ee3b\" data-elementor-lightbox-title=\"bausch\" data-e-action-hash=\"#elementor-action%3Aaction%3Dlightbox%26settings%3DeyJpZCI6MzE4LCJ1cmwiOiJodHRwczpcL1wvd3d3Lm9wdHlrYXphYnJ6ZS5wbFwvd3AtY29udGVudFwvdXBsb2Fkc1wvMjAyNFwvMDhcL2JhdXNjaC5qcGciLCJzbGlkZXNob3ciOiJjOTVlZTNiIn0%3D\" href='https:\/\/www.optykazabrze.pl\/wp-content\/uploads\/2024\/08\/bausch.jpg'><img decoding=\"async\" width=\"250\" height=\"75\" src=\"https:\/\/www.optykazabrze.pl\/wp-content\/uploads\/2024\/08\/bausch.jpg\" class=\"attachment-large size-large\" alt=\"\" srcset=\"https:\/\/www.optykazabrze.pl\/wp-content\/uploads\/2024\/08\/bausch.jpg 250w, https:\/\/www.optykazabrze.pl\/wp-content\/uploads\/2024\/08\/bausch-200x60.jpg 200w\" sizes=\"(max-width: 250px) 100vw, 250px\" \/><\/a>\n\t\t\t<\/div><\/figure><figure class='gallery-item'>\n\t\t\t<div class='gallery-icon landscape'>\n\t\t\t\t<a data-elementor-open-lightbox=\"yes\" data-elementor-lightbox-slideshow=\"c95ee3b\" data-elementor-lightbox-title=\"eyeye\" data-e-action-hash=\"#elementor-action%3Aaction%3Dlightbox%26settings%3DeyJpZCI6MzE5LCJ1cmwiOiJodHRwczpcL1wvd3d3Lm9wdHlrYXphYnJ6ZS5wbFwvd3AtY29udGVudFwvdXBsb2Fkc1wvMjAyNFwvMDhcL2V5ZXllLnBuZyIsInNsaWRlc2hvdyI6ImM5NWVlM2IifQ%3D%3D\" href='https:\/\/www.optykazabrze.pl\/wp-content\/uploads\/2024\/08\/eyeye.png'><img loading=\"lazy\" decoding=\"async\" width=\"150\" height=\"115\" src=\"https:\/\/www.optykazabrze.pl\/wp-content\/uploads\/2024\/08\/eyeye.png\" class=\"attachment-large size-large\" alt=\"\" \/><\/a>\n\t\t\t<\/div><\/figure><figure class='gallery-item'>\n\t\t\t<div class='gallery-icon landscape'>\n\t\t\t\t<a data-elementor-open-lightbox=\"yes\" data-elementor-lightbox-slideshow=\"c95ee3b\" data-elementor-lightbox-title=\"alcon-300x133\" data-e-action-hash=\"#elementor-action%3Aaction%3Dlightbox%26settings%3DeyJpZCI6MzIwLCJ1cmwiOiJodHRwczpcL1wvd3d3Lm9wdHlrYXphYnJ6ZS5wbFwvd3AtY29udGVudFwvdXBsb2Fkc1wvMjAyNFwvMDhcL2FsY29uLTMwMHgxMzMtMS5wbmciLCJzbGlkZXNob3ciOiJjOTVlZTNiIn0%3D\" href='https:\/\/www.optykazabrze.pl\/wp-content\/uploads\/2024\/08\/alcon-300x133-1.png'><img loading=\"lazy\" decoding=\"async\" width=\"300\" height=\"133\" src=\"https:\/\/www.optykazabrze.pl\/wp-content\/uploads\/2024\/08\/alcon-300x133-1.png\" class=\"attachment-large size-large\" alt=\"\" srcset=\"https:\/\/www.optykazabrze.pl\/wp-content\/uploads\/2024\/08\/alcon-300x133-1.png 300w, https:\/\/www.optykazabrze.pl\/wp-content\/uploads\/2024\/08\/alcon-300x133-1-200x89.png 200w\" sizes=\"(max-width: 300px) 100vw, 300px\" \/><\/a>\n\t\t\t<\/div><\/figure>\n\t\t<\/div>\n\t\t<\/div>\n\t\t\t\t<\/div>\n\t\t\t\t<\/div>\n\t\t\t\t\t<\/div>\n\t\t<\/div>\n\t\t\t\t<div class=\"aux-parallax-section elementor-column elementor-col-50 elementor-top-column elementor-element elementor-element-6ab6826\" data-id=\"6ab6826\" data-element_type=\"column\">\n\t\t\t<div class=\"elementor-widget-wrap elementor-element-populated\">\n\t\t\t\t\t\t<div class=\"elementor-element elementor-element-aa1712a aux-appear-watch-animation aux-fade-in-up elementor-widget elementor-widget-aux_modern_heading\" data-id=\"aa1712a\" data-element_type=\"widget\" data-widget_type=\"aux_modern_heading.default\">\n\t\t\t\t<div class=\"elementor-widget-container\">\n\t\t\t<section class=\"aux-widget-modern-heading\">\n            <div class=\"aux-widget-inner\"><h2 class=\"aux-modern-heading-primary\"><\/h2><div class=\"aux-modern-heading-description\"><p>\u00a0<\/p><p>Dbamy kompleksowo o Pa\u0144stwa wzrok, dlatego \u2013 opr\u00f3cz doboru okular\u00f3w \u2013 oferujemy profesjonalny dob\u00f3r mi\u0119kkich soczewek kontaktowych, uwzgl\u0119dniaj\u0105cy parametry oka oraz indywidualne potrzeby. Dopasowaniem soczewek kontaktowych oraz nauk\u0105 zak\u0142adania i zdejmowania w naszym salonie zajmuje si\u0119 dyplomowany optometrysta i kontaktolog.<\/p><p><strong>Zatem, je\u015bli chcesz rozpocz\u0105\u0107 swoj\u0105 przygod\u0119 z soczewkami kontaktowymi, ale nie wiesz od czego zacz\u0105\u0107, masz wiele pyta\u0144 i obaw, czy sobie poradzisz z ich u\u017cytkowaniem \u2013 zapraszamy do um\u00f3wienia si\u0119 na wizyt\u0119 do optometrysty!<\/strong><\/p><\/div><\/div>\n        <\/section>\t\t<\/div>\n\t\t\t\t<\/div>\n\t\t\t\t\t<\/div>\n\t\t<\/div>\n\t\t\t\t\t<\/div>\n\t\t<\/section>\n\t\t\t\t<\/div>\n\t\t","protected":false},"excerpt":{"rendered":"<p>Soczewki kontaktowe Oferujemy Pa\u0144stwu markowe soczewki kontaktowe znanych i cenionych producent\u00f3w, takich jak Alcon, Bausch&amp;Lomb oraz Cooper Vision. Firma Alcon to globalny lider w obszarze okulistyki, kt\u00f3ry od ponad 75 lat pomaga ludziom widzie\u0107 doskonale. Jest najwi\u0119kszym na \u015bwiecie producentem wyrob\u00f3w medycznych dla okulistyki, kt\u00f3re tworzone s\u0105 w dw\u00f3ch uzupe\u0142niaj\u0105cych si\u0119 obszarach \u2013 Chirurgii oraz [&hellip;]<\/p>\n","protected":false},"author":1,"featured_media":0,"parent":89,"menu_order":10,"comment_status":"closed","ping_status":"closed","template":"templates\/page-builder-content.php","meta":{"footnotes":""},"class_list":["post-722","page","type-page","status-publish","hentry"],"_links":{"self":[{"href":"https:\/\/www.optykazabrze.pl\/index.php\/wp-json\/wp\/v2\/pages\/722","targetHints":{"allow":["GET"]}}],"collection":[{"href":"https:\/\/www.optykazabrze.pl\/index.php\/wp-json\/wp\/v2\/pages"}],"about":[{"href":"https:\/\/www.optykazabrze.pl\/index.php\/wp-json\/wp\/v2\/types\/page"}],"author":[{"embeddable":true,"href":"https:\/\/www.optykazabrze.pl\/index.php\/wp-json\/wp\/v2\/users\/1"}],"replies":[{"embeddable":true,"href":"https:\/\/www.optykazabrze.pl\/index.php\/wp-json\/wp\/v2\/comments?post=722"}],"version-history":[{"count":25,"href":"https:\/\/www.optykazabrze.pl\/index.php\/wp-json\/wp\/v2\/pages\/722\/revisions"}],"predecessor-version":[{"id":1334,"href":"https:\/\/www.optykazabrze.pl\/index.php\/wp-json\/wp\/v2\/pages\/722\/revisions\/1334"}],"up":[{"embeddable":true,"href":"https:\/\/www.optykazabrze.pl\/index.php\/wp-json\/wp\/v2\/pages\/89"}],"wp:attachment":[{"href":"https:\/\/www.optykazabrze.pl\/index.php\/wp-json\/wp\/v2\/media?parent=722"}],"curies":[{"name":"wp","href":"https:\/\/api.w.org\/{rel}","templated":true}]}}